{"id":8,"date":"2019-08-28T14:59:57","date_gmt":"2019-08-28T11:59:57","guid":{"rendered":"http:\/\/friikooli.sytes.net\/~friikooli\/wordpress\/?page_id=8"},"modified":"2026-04-15T17:30:51","modified_gmt":"2026-04-15T14:30:51","slug":"etusivu","status":"publish","type":"page","link":"https:\/\/friikooli.sytes.net\/~friikooli\/wordpress\/","title":{"rendered":"Etusivu"},"content":{"rendered":"\n<p class=\"has-text-align-center\"><strong>Tervetuloa yleishy\u00f6dylliselle friikooli.sytes.net palvelimelle !<\/strong><\/p>\n\n\n\n<p class=\"has-drop-cap\">T\u00e4m\u00e4 sivustokokonaisuus on tarkoitettu friikooli.sytes.net palveluiden k\u00e4ytt\u00e4jille. Palvelut vaativat rekister\u00f6itymisen joka on mahdollista vain yll\u00e4pidon toimesta. Halutessasi voit olla yhteydess\u00e4 sivuston yll\u00e4pitoon <a href=\"http:\/\/friikooli.sytes.net\/~friikooli\/wordpress\/index.php\/yhteydenotto\/\">yhteydenotto<\/a> lomakkeen avulla.<\/p>\n\n\n\n<p class=\"has-drop-cap\">friikooli.sytes.net domainin takana punnertaa t\u00e4ysiverinen Linux Debian palvelin joka tarjoaa k\u00e4ytt\u00e4jilleen t\u00e4ysin ilmaisia verkkopalveluja. Tyypillisimpi\u00e4 palveluja ovat r\u00e4\u00e4t\u00e4l\u00f6idyt webbihotelliratkaisut. Toiminta on harrastemuotoista eik\u00e4 yll\u00e4pidollisista toimista saada palkkioita joten valituksia ei my\u00f6sk\u00e4\u00e4n oteta tutkittavaksi \ud83d\ude09<\/p>\n\n\n\n<div class=\"wp-block-group\"><div class=\"wp-block-group__inner-container is-layout-constrained wp-block-group-is-layout-constrained\">\n<div class=\"wp-block-group\"><div class=\"wp-block-group__inner-container is-layout-constrained wp-block-group-is-layout-constrained\">\n<p><p align=\"center\">\n   <img decoding=\"async\" src=\"https:\/\/friikooli.sytes.net\/~friikooli\/wordpress\/wp-content\/uploads\/2021\/10\/linux.png\">\n   <img decoding=\"async\" src=\"https:\/\/friikooli.sytes.net\/~friikooli\/wordpress\/wp-content\/uploads\/2021\/10\/apache-2.png\">\n   <img decoding=\"async\" src=\"https:\/\/friikooli.sytes.net\/~friikooli\/wordpress\/wp-content\/uploads\/2021\/10\/php-1.png\">\n   <img decoding=\"async\" src=\"https:\/\/friikooli.sytes.net\/~friikooli\/wordpress\/wp-content\/uploads\/2021\/10\/maridb.png\">\n   <img decoding=\"async\" src=\"https:\/\/friikooli.sytes.net\/~friikooli\/wordpress\/wp-content\/uploads\/2021\/11\/ssh.png\">\n   <img decoding=\"async\" src=\"https:\/\/friikooli.sytes.net\/~friikooli\/wordpress\/wp-content\/uploads\/2026\/04\/vsftpd_logo-e1776263396683.png\">\n   <img decoding=\"async\" src=\"https:\/\/friikooli.sytes.net\/~friikooli\/wordpress\/wp-content\/uploads\/2025\/10\/pngegg-e1760847287837.png\">\n   <img decoding=\"async\" src=\"https:\/\/friikooli.sytes.net\/~friikooli\/wordpress\/wp-content\/uploads\/2021\/11\/logo_postfix.png\">\n   <img decoding=\"async\" src=\"https:\/\/friikooli.sytes.net\/~friikooli\/wordpress\/wp-content\/uploads\/2021\/11\/dovecot-logo.png\">\n   <img decoding=\"async\" src=\"https:\/\/friikooli.sytes.net\/~friikooli\/wordpress\/wp-content\/uploads\/2021\/11\/usermin.png\">\n   <img decoding=\"async\" src=\"https:\/\/friikooli.sytes.net\/~friikooli\/wordpress\/wp-content\/uploads\/2022\/01\/seafile-e1643091765739.png\">\n   <img decoding=\"async\" src=\"https:\/\/friikooli.sytes.net\/~friikooli\/wordpress\/wp-content\/uploads\/2026\/02\/searxng-e1772113185361.png\">\n   <img decoding=\"async\" src=\"https:\/\/friikooli.sytes.net\/~friikooli\/wordpress\/wp-content\/uploads\/2026\/03\/Valkey_logo_Late_2024.svg_.png\">\n   <img decoding=\"async\" src=\"https:\/\/friikooli.sytes.net\/~friikooli\/wordpress\/wp-content\/uploads\/2026\/02\/navidrome-e1772113631539.png\">\n   <img decoding=\"async\" src=\"https:\/\/friikooli.sytes.net\/~friikooli\/wordpress\/wp-content\/uploads\/2021\/11\/Mumble-Logo.png\">\n   <img decoding=\"async\" src=\"https:\/\/dl.flathub.org\/media\/net\/pokerth\/PokerTH\/ee0f2a49100438891aef700388564cc9\/icons\/128x128\/net.pokerth.PokerTH.png\">\n<\/p><\/p>\n<br \/>\n<br \/>\n<br \/>\n<\/div><\/div>\n<\/div><\/div>\n\n\n\n<p><\/p>\n","protected":false},"excerpt":{"rendered":"<p>Tervetuloa yleishy\u00f6dylliselle friikooli.sytes.net palvelimelle ! T\u00e4m\u00e4 sivustokokonaisuus on tarkoitettu friikooli.sytes.net palveluiden k\u00e4ytt\u00e4jille. Palvelut vaativat rekister\u00f6itymisen joka on mahdollista vain yll\u00e4pidon toimesta. Halutessasi voit olla yhteydess\u00e4 sivuston yll\u00e4pitoon yhteydenotto lomakkeen avulla. friikooli.sytes.net domainin takana punnertaa t\u00e4ysiverinen Linux Debian palvelin joka tarjoaa k\u00e4ytt\u00e4jilleen t\u00e4ysin ilmaisia verkkopalveluja. Tyypillisimpi\u00e4 palveluja ovat r\u00e4\u00e4t\u00e4l\u00f6idyt webbihotelliratkaisut. Toiminta on harrastemuotoista eik\u00e4 yll\u00e4pidollisista toimista &hellip; <a href=\"https:\/\/friikooli.sytes.net\/~friikooli\/wordpress\/\" class=\"more-link\">Jatka lukemista<span class=\"screen-reader-text\"> &#8221;Etusivu&#8221;<\/span><\/a><\/p>\n","protected":false},"author":1,"featured_media":0,"parent":0,"menu_order":0,"comment_status":"closed","ping_status":"closed","template":"","meta":{"footnotes":""},"class_list":["post-8","page","type-page","status-publish","hentry"],"_links":{"self":[{"href":"https:\/\/friikooli.sytes.net\/~friikooli\/wordpress\/index.php\/wp-json\/wp\/v2\/pages\/8","targetHints":{"allow":["GET"]}}],"collection":[{"href":"https:\/\/friikooli.sytes.net\/~friikooli\/wordpress\/index.php\/wp-json\/wp\/v2\/pages"}],"about":[{"href":"https:\/\/friikooli.sytes.net\/~friikooli\/wordpress\/index.php\/wp-json\/wp\/v2\/types\/page"}],"author":[{"embeddable":true,"href":"https:\/\/friikooli.sytes.net\/~friikooli\/wordpress\/index.php\/wp-json\/wp\/v2\/users\/1"}],"replies":[{"embeddable":true,"href":"https:\/\/friikooli.sytes.net\/~friikooli\/wordpress\/index.php\/wp-json\/wp\/v2\/comments?post=8"}],"version-history":[{"count":42,"href":"https:\/\/friikooli.sytes.net\/~friikooli\/wordpress\/index.php\/wp-json\/wp\/v2\/pages\/8\/revisions"}],"predecessor-version":[{"id":891,"href":"https:\/\/friikooli.sytes.net\/~friikooli\/wordpress\/index.php\/wp-json\/wp\/v2\/pages\/8\/revisions\/891"}],"wp:attachment":[{"href":"https:\/\/friikooli.sytes.net\/~friikooli\/wordpress\/index.php\/wp-json\/wp\/v2\/media?parent=8"}],"curies":[{"name":"wp","href":"https:\/\/api.w.org\/{rel}","templated":true}]}}