{"id":649,"date":"2023-08-02T14:09:04","date_gmt":"2023-08-02T11:09:04","guid":{"rendered":"https:\/\/friikooli.sytes.net\/~friikooli\/wordpress\/?page_id=649"},"modified":"2023-08-22T11:31:03","modified_gmt":"2023-08-22T08:31:03","slug":"pilvipalvelu","status":"publish","type":"page","link":"https:\/\/friikooli.sytes.net\/~friikooli\/wordpress\/index.php\/pilvipalvelu\/","title":{"rendered":"Pilvipalvelu"},"content":{"rendered":"\n<div class=\"wp-block-cover aligncenter\" style=\"min-height:195px;aspect-ratio:unset;\"><span aria-hidden=\"true\" class=\"wp-block-cover__background has-background-dim\"><\/span><img loading=\"lazy\" decoding=\"async\" width=\"472\" height=\"288\" class=\"wp-block-cover__image-background wp-image-651\" alt=\"\" src=\"https:\/\/friikooli.sytes.net\/~friikooli\/wordpress\/wp-content\/uploads\/2023\/08\/synkrooni_favicon.png\" data-object-fit=\"cover\" srcset=\"https:\/\/friikooli.sytes.net\/~friikooli\/wordpress\/wp-content\/uploads\/2023\/08\/synkrooni_favicon.png 472w, https:\/\/friikooli.sytes.net\/~friikooli\/wordpress\/wp-content\/uploads\/2023\/08\/synkrooni_favicon-300x183.png 300w\" sizes=\"auto, (max-width: 472px) 85vw, 472px\" \/><div class=\"wp-block-cover__inner-container is-layout-flow wp-block-cover-is-layout-flow\">\n<p class=\"has-text-align-center\">Friikoolin pilvipalvelin -&gt; <a rel=\"noreferrer noopener\" href=\"https:\/\/synkrooni.sytes.net\/\" data-type=\"URL\" data-id=\"https:\/\/synkrooni.sytes.net\/\" target=\"_blank\">synkrooni.sytes.net<\/a> &lt;- on toteutettu Seafile-palvelinohjelmistoa hy\u00f6dynt\u00e4en. <\/p>\n<\/div><\/div>\n\n\n\n<p class=\"has-drop-cap\"><a rel=\"noreferrer noopener\" href=\"https:\/\/www.seafile.com\/en\/home\/\" data-type=\"URL\" data-id=\"https:\/\/www.seafile.com\/en\/home\/\" target=\"_blank\">Seafile<\/a> on avoimen l\u00e4hdekoodin, alustojen v\u00e4linen tiedostojen is\u00e4nn\u00f6intiohjelmisto. Tiedostot tallennetaan kryptattuna keskuspalvelimelle ja ne voidaan synkronoida henkil\u00f6kohtaisten tietokoneiden ja mobiililaitteiden kanssa sovellusten kautta. Seafile-palvelimella oleviin tiedostoihin p\u00e4\u00e4see my\u00f6s suoraan palvelimen verkkok\u00e4ytt\u00f6liittym\u00e4n kautta. Seafilen toiminnallisuus on samanlainen kuin muut suositut tiedostojen is\u00e4nn\u00f6intipalvelut, kuten Dropbox ja Google Drive. Ensisijainen ero Seafilen ja Dropbox \/ Google Driven v\u00e4lill\u00e4 on, ett\u00e4 Seafile on itse is\u00e4nn\u00f6ity tiedostonjakoratkaisu yksityisille pilvisovelluksille. Privaattipilviss\u00e4 tallennustila- ja asiakasyhteysrajat m\u00e4\u00e4r\u00e4ytyv\u00e4t yksinomaan k\u00e4ytt\u00e4j\u00e4n oman infrastruktuurin ja asetusten mukaan, eiv\u00e4t pilvipalvelun tarjoajan ehtojen mukaan. Lis\u00e4ksi organisaatiot, joiden tietosuojak\u00e4yt\u00e4nn\u00f6t est\u00e4v\u00e4t niit\u00e4 k\u00e4ytt\u00e4m\u00e4st\u00e4 julkisia pilvipalveluita, voivat rakentaa oman tiedostonjakoj\u00e4rjestelm\u00e4n Seafilen avulla.<\/p>\n","protected":false},"excerpt":{"rendered":"<p>Seafile on avoimen l\u00e4hdekoodin, alustojen v\u00e4linen tiedostojen is\u00e4nn\u00f6intiohjelmisto. Tiedostot tallennetaan kryptattuna keskuspalvelimelle ja ne voidaan synkronoida henkil\u00f6kohtaisten tietokoneiden ja mobiililaitteiden kanssa sovellusten kautta. Seafile-palvelimella oleviin tiedostoihin p\u00e4\u00e4see my\u00f6s suoraan palvelimen verkkok\u00e4ytt\u00f6liittym\u00e4n kautta. Seafilen toiminnallisuus on samanlainen kuin muut suositut tiedostojen is\u00e4nn\u00f6intipalvelut, kuten Dropbox ja Google Drive. Ensisijainen ero Seafilen ja Dropbox \/ Google Driven v\u00e4lill\u00e4 &hellip; <a href=\"https:\/\/friikooli.sytes.net\/~friikooli\/wordpress\/index.php\/pilvipalvelu\/\" class=\"more-link\">Jatka lukemista<span class=\"screen-reader-text\"> &#8221;Pilvipalvelu&#8221;<\/span><\/a><\/p>\n","protected":false},"author":1,"featured_media":0,"parent":0,"menu_order":0,"comment_status":"closed","ping_status":"closed","template":"","meta":{"footnotes":""},"class_list":["post-649","page","type-page","status-publish","hentry"],"_links":{"self":[{"href":"https:\/\/friikooli.sytes.net\/~friikooli\/wordpress\/index.php\/wp-json\/wp\/v2\/pages\/649","targetHints":{"allow":["GET"]}}],"collection":[{"href":"https:\/\/friikooli.sytes.net\/~friikooli\/wordpress\/index.php\/wp-json\/wp\/v2\/pages"}],"about":[{"href":"https:\/\/friikooli.sytes.net\/~friikooli\/wordpress\/index.php\/wp-json\/wp\/v2\/types\/page"}],"author":[{"embeddable":true,"href":"https:\/\/friikooli.sytes.net\/~friikooli\/wordpress\/index.php\/wp-json\/wp\/v2\/users\/1"}],"replies":[{"embeddable":true,"href":"https:\/\/friikooli.sytes.net\/~friikooli\/wordpress\/index.php\/wp-json\/wp\/v2\/comments?post=649"}],"version-history":[{"count":9,"href":"https:\/\/friikooli.sytes.net\/~friikooli\/wordpress\/index.php\/wp-json\/wp\/v2\/pages\/649\/revisions"}],"predecessor-version":[{"id":664,"href":"https:\/\/friikooli.sytes.net\/~friikooli\/wordpress\/index.php\/wp-json\/wp\/v2\/pages\/649\/revisions\/664"}],"wp:attachment":[{"href":"https:\/\/friikooli.sytes.net\/~friikooli\/wordpress\/index.php\/wp-json\/wp\/v2\/media?parent=649"}],"curies":[{"name":"wp","href":"https:\/\/api.w.org\/{rel}","templated":true}]}}