{"id":49,"date":"2019-09-26T20:18:36","date_gmt":"2019-09-26T17:18:36","guid":{"rendered":"http:\/\/friikooli.sytes.net\/~friikooli\/wordpress\/index.php\/forum\/"},"modified":"2019-09-26T20:26:28","modified_gmt":"2019-09-26T17:26:28","slug":"forum","status":"publish","type":"page","link":"https:\/\/friikooli.sytes.net\/~friikooli\/wordpress\/index.php\/forum\/","title":{"rendered":"Keskustelu"},"content":{"rendered":"<div id=\"af-wrapper\"><div id=\"forum-header\"><div id=\"forum-navigation-mobile\"><a><span class=\"fas fa-bars\"><\/span>Valikko<\/a><\/div><span class=\"screen-reader-text\">Forum Navigation<\/span><div id=\"forum-navigation\"><a class=\"home-link\" href=\"https:\/\/friikooli.sytes.net\/~friikooli\/wordpress\/index.php\/forum\" target=\"_self\">Keskustelualue<\/a><\/div><div id=\"forum-search\"><span class=\"search-icon fas fa-search\"><\/span><form method=\"get\" action=\"https:\/\/friikooli.sytes.net\/~friikooli\/wordpress\/index.php\/forum\/search\/\"><input name=\"keywords\" type=\"search\" placeholder=\"Hae ...\" value=\"\"><\/form><\/div><div class=\"clear\"><\/div><\/div><div id=\"forum-breadcrumbs\" itemscope itemtype=\"http:\/\/schema.org\/BreadcrumbList\"><span class=\"screen-reader-text\">Forum breadcrumbs - You are here:<\/span><span class=\"breadcrumb-icon fas fa-home\"><\/span><span itemprop=\"itemListElement\" itemscope itemtype=\"https:\/\/schema.org\/ListItem\"><a itemprop=\"item\" href=\"https:\/\/friikooli.sytes.net\/~friikooli\/wordpress\/index.php\/forum\" title=\"Keskustelualue\"><span itemprop=\"name\">Keskustelualue<\/span><\/a><meta itemprop=\"position\" content=\"1\"><\/span><span class=\"breadcrumb-icon fas fa-chevron-right separator\"><\/span><\/div><h1 class=\"main-title main-title-\">Keskustelualue<\/h1><div class=\"notice\">Yht\u00e4\u00e4n kategoriaa ei ole viel\u00e4 luotu!<\/div><div id=\"bottom-navigation\"><\/div><div class=\"clear\"><\/div><\/div>\n","protected":false},"excerpt":{"rendered":"","protected":false},"author":1,"featured_media":0,"parent":0,"menu_order":0,"comment_status":"closed","ping_status":"closed","template":"","meta":{"footnotes":""},"class_list":["post-49","page","type-page","status-publish","hentry"],"_links":{"self":[{"href":"https:\/\/friikooli.sytes.net\/~friikooli\/wordpress\/index.php\/wp-json\/wp\/v2\/pages\/49","targetHints":{"allow":["GET"]}}],"collection":[{"href":"https:\/\/friikooli.sytes.net\/~friikooli\/wordpress\/index.php\/wp-json\/wp\/v2\/pages"}],"about":[{"href":"https:\/\/friikooli.sytes.net\/~friikooli\/wordpress\/index.php\/wp-json\/wp\/v2\/types\/page"}],"author":[{"embeddable":true,"href":"https:\/\/friikooli.sytes.net\/~friikooli\/wordpress\/index.php\/wp-json\/wp\/v2\/users\/1"}],"replies":[{"embeddable":true,"href":"https:\/\/friikooli.sytes.net\/~friikooli\/wordpress\/index.php\/wp-json\/wp\/v2\/comments?post=49"}],"version-history":[{"count":2,"href":"https:\/\/friikooli.sytes.net\/~friikooli\/wordpress\/index.php\/wp-json\/wp\/v2\/pages\/49\/revisions"}],"predecessor-version":[{"id":56,"href":"https:\/\/friikooli.sytes.net\/~friikooli\/wordpress\/index.php\/wp-json\/wp\/v2\/pages\/49\/revisions\/56"}],"wp:attachment":[{"href":"https:\/\/friikooli.sytes.net\/~friikooli\/wordpress\/index.php\/wp-json\/wp\/v2\/media?parent=49"}],"curies":[{"name":"wp","href":"https:\/\/api.w.org\/{rel}","templated":true}]}}