{"id":420,"date":"2021-08-12T16:31:25","date_gmt":"2021-08-12T13:31:25","guid":{"rendered":"https:\/\/friikooli.sytes.net\/~friikooli\/wordpress\/?page_id=420"},"modified":"2021-09-23T01:17:57","modified_gmt":"2021-09-22T22:17:57","slug":"pokerth","status":"publish","type":"page","link":"https:\/\/friikooli.sytes.net\/~friikooli\/wordpress\/index.php\/pokerth\/","title":{"rendered":"PokerTH"},"content":{"rendered":"\n<div class=\"wp-block-image\"><figure class=\"alignright size-full is-resized\"><img loading=\"lazy\" decoding=\"async\" src=\"https:\/\/friikooli.sytes.net\/~friikooli\/wordpress\/wp-content\/uploads\/2021\/08\/pokerth.png\" alt=\"\" class=\"wp-image-423\" width=\"178\" height=\"47\"\/><\/figure><\/div>\n\n\n\n<p class=\"has-drop-cap\">Friikoolin omalla PokerTH palvelimella voit pelailla verkossa suosittua <a href=\"https:\/\/fi.wikipedia.org\/wiki\/Texas_hold_%E2%80%99em\" target=\"_blank\" rel=\"noreferrer noopener\">Texas Hold&#8217;em<\/a> pokeria yst\u00e4viesi kanssa t\u00e4ysin ilmaiseksi.<\/p>\n\n\n\n<p>Itse pelin voit ladata ilmaiseksi <a rel=\"noreferrer noopener\" href=\"https:\/\/www.pokerth.net\/app.php\/download\" target=\"_blank\">PokerTH:n nettisivuilta<\/a>. Peli on saatavilla Windows, Linux, Mac -ja Android alustoille. Kun olet asentanut pelin laitteellesi aseta Internet-pelin asetukset allaolevan esimerkkikuvan mukaisesti:<\/p>\n\n\n\n<figure class=\"wp-block-image size-full\"><img loading=\"lazy\" decoding=\"async\" width=\"785\" height=\"555\" src=\"https:\/\/friikooli.sytes.net\/~friikooli\/wordpress\/wp-content\/uploads\/2021\/08\/kaappaus_pokerth.png\" alt=\"\" class=\"wp-image-426\" srcset=\"https:\/\/friikooli.sytes.net\/~friikooli\/wordpress\/wp-content\/uploads\/2021\/08\/kaappaus_pokerth.png 785w, https:\/\/friikooli.sytes.net\/~friikooli\/wordpress\/wp-content\/uploads\/2021\/08\/kaappaus_pokerth-300x212.png 300w, https:\/\/friikooli.sytes.net\/~friikooli\/wordpress\/wp-content\/uploads\/2021\/08\/kaappaus_pokerth-768x543.png 768w\" sizes=\"auto, (max-width: 785px) 85vw, 785px\" \/><\/figure>\n\n\n\n<p>Muista asettaa my\u00f6s oma nimimerkkisi sek\u00e4 avatar kuvasi. Tervetuloa hakkaamaan korttia ja antoisia pelihetki\u00e4 !<\/p>\n","protected":false},"excerpt":{"rendered":"<p>Friikoolin omalla PokerTH palvelimella voit pelailla verkossa suosittua Texas Hold&#8217;em pokeria yst\u00e4viesi kanssa t\u00e4ysin ilmaiseksi. Itse pelin voit ladata ilmaiseksi PokerTH:n nettisivuilta. Peli on saatavilla Windows, Linux, Mac -ja Android alustoille. Kun olet asentanut pelin laitteellesi aseta Internet-pelin asetukset allaolevan esimerkkikuvan mukaisesti: Muista asettaa my\u00f6s oma nimimerkkisi sek\u00e4 avatar kuvasi. Tervetuloa hakkaamaan korttia ja antoisia &hellip; <a href=\"https:\/\/friikooli.sytes.net\/~friikooli\/wordpress\/index.php\/pokerth\/\" class=\"more-link\">Jatka lukemista<span class=\"screen-reader-text\"> &#8221;PokerTH&#8221;<\/span><\/a><\/p>\n","protected":false},"author":1,"featured_media":0,"parent":0,"menu_order":0,"comment_status":"closed","ping_status":"closed","template":"","meta":{"footnotes":""},"class_list":["post-420","page","type-page","status-publish","hentry"],"_links":{"self":[{"href":"https:\/\/friikooli.sytes.net\/~friikooli\/wordpress\/index.php\/wp-json\/wp\/v2\/pages\/420","targetHints":{"allow":["GET"]}}],"collection":[{"href":"https:\/\/friikooli.sytes.net\/~friikooli\/wordpress\/index.php\/wp-json\/wp\/v2\/pages"}],"about":[{"href":"https:\/\/friikooli.sytes.net\/~friikooli\/wordpress\/index.php\/wp-json\/wp\/v2\/types\/page"}],"author":[{"embeddable":true,"href":"https:\/\/friikooli.sytes.net\/~friikooli\/wordpress\/index.php\/wp-json\/wp\/v2\/users\/1"}],"replies":[{"embeddable":true,"href":"https:\/\/friikooli.sytes.net\/~friikooli\/wordpress\/index.php\/wp-json\/wp\/v2\/comments?post=420"}],"version-history":[{"count":10,"href":"https:\/\/friikooli.sytes.net\/~friikooli\/wordpress\/index.php\/wp-json\/wp\/v2\/pages\/420\/revisions"}],"predecessor-version":[{"id":453,"href":"https:\/\/friikooli.sytes.net\/~friikooli\/wordpress\/index.php\/wp-json\/wp\/v2\/pages\/420\/revisions\/453"}],"wp:attachment":[{"href":"https:\/\/friikooli.sytes.net\/~friikooli\/wordpress\/index.php\/wp-json\/wp\/v2\/media?parent=420"}],"curies":[{"name":"wp","href":"https:\/\/api.w.org\/{rel}","templated":true}]}}