{"id":230,"date":"2020-01-31T08:23:13","date_gmt":"2020-01-31T06:23:13","guid":{"rendered":"https:\/\/friikooli.sytes.net\/~friikooli\/wordpress\/?page_id=230"},"modified":"2020-01-31T13:03:18","modified_gmt":"2020-01-31T11:03:18","slug":"linkit","status":"publish","type":"page","link":"https:\/\/friikooli.sytes.net\/~friikooli\/wordpress\/index.php\/linkit\/","title":{"rendered":"Linkit"},"content":{"rendered":"\n<p class=\"has-drop-cap\">Friikooli.sytes.net linkkisivulle ker\u00e4t\u00e4\u00e4n yleishy\u00f6dyllisi\u00e4 linkkej\u00e4 eri aihepiireitt\u00e4in. Kirjautumalla sis\u00e4\u00e4n voit ehdottaa uutta linkki\u00e4 lis\u00e4tt\u00e4v\u00e4ksi linkkisivullemme.<\/p>\n\n\n<hr>\n\n\n\n\n\n<hr>\n\n\n<h2 class=\"has-text-align-left wp-block-heading\">Linkkilista<\/h2>\n\n\n\n<!-- Beginning of Link Library Output --><div id='linklist1' class='linklist'><!-- Div Linklist -->\n<div class=\"LinkLibraryCat LinkLibraryCat24 level0\"><!-- Div Category --><div id=\"kauppapaikat\"><!-- Div Category Name --><div class=\"linklistcatname\"><!-- Div Cat Name --><span class=\"linklistcatclass\">KAUPPAPAIKAT<\/span><\/div><!-- DivOrHeader --><\/div><!-- Div Category Name --><div class=\"LinkLibraryCat LinkLibraryCat29 childlevel level1\"><!-- Div Category --><div id=\"ajoneuvot\"><!-- Div Category Name --><div class=\"linklistcatname\"><!-- Div Cat Name --><span class=\"linklistcatclass\">Ajoneuvot \/ Tarvikkeet<\/span><\/div><!-- DivOrHeader --><\/div><!-- Div Category Name -->\n\t<ul>\n<li><a href=\"https:\/\/www.fiksaa.fi\/\" id=\"link-376\" class=\"track_this_link \" rel=\"noopener noreferrer\" target=\"_blank\">Fiksaa.fi<\/a><\/li>\n<li><a href=\"https:\/\/www.kamux.fi\" id=\"link-274\" class=\"track_this_link \" rel=\"noopener noreferrer\" target=\"_blank\">Kamux<\/a><\/li>\n<li><a href=\"https:\/\/www.motonet.fi\/fi\/etusivu\" id=\"link-283\" class=\"track_this_link \" rel=\"noopener noreferrer\" target=\"_blank\">Motonet Oy<\/a><\/li>\n<li><a href=\"https:\/\/www.nettiauto.com\/\" id=\"link-272\" class=\"track_this_link \" rel=\"noopener noreferrer\" target=\"_blank\">Nettiauto<\/a><\/li>\n<li><a href=\"https:\/\/www.nettimoto.com\/\" id=\"link-273\" class=\"track_this_link \" rel=\"noopener noreferrer\" target=\"_blank\">Nettimoto<\/a><\/li>\n<li><a href=\"https:\/\/www.rengas-online.com\/\" id=\"link-282\" class=\"track_this_link \" rel=\"noopener noreferrer\" target=\"_blank\">Rengas-online<\/a><\/li>\n\t<\/ul>\n<\/div><!-- Div End Category -->\n<div class=\"LinkLibraryCat LinkLibraryCat26 childlevel level1\"><!-- Div Category --><div id=\"kodin-elektroniikka\"><!-- Div Category Name --><div class=\"linklistcatname\"><!-- Div Cat Name --><span class=\"linklistcatclass\">Kodinelektroniikka<\/span><\/div><!-- DivOrHeader --><\/div><!-- Div Category Name -->\n\t<ul>\n<li><a href=\"https:\/\/www.gigantti.fi\/\" id=\"link-267\" class=\"track_this_link \" rel=\"noopener noreferrer\" target=\"_blank\">Gigantti<\/a><\/li>\n<li><a href=\"https:\/\/www.karkkainen.com\/\" id=\"link-582\" class=\"track_this_link \" rel=\"noopener noreferrer\">K\u00e4rkk\u00e4inen<\/a><\/li>\n<li><a href=\"https:\/\/www.motonet.fi\/fi\/etusivu\" id=\"link-283\" class=\"track_this_link \" rel=\"noopener noreferrer\" target=\"_blank\">Motonet Oy<\/a><\/li>\n<li><a href=\"https:\/\/www.power.fi\/\" id=\"link-269\" class=\"track_this_link \" rel=\"noopener noreferrer\" target=\"_blank\">Power<\/a><\/li>\n<li><a href=\"https:\/\/www.pussit.net\/\" id=\"link-285\" class=\"track_this_link \" rel=\"noopener noreferrer\" target=\"_blank\">Pussit.net &#8211; Imurin p\u00f6lypussit<\/a><\/li>\n<li><a href=\"https:\/\/www.verkkokauppa.com\" id=\"link-268\" class=\"track_this_link \" rel=\"noopener noreferrer\" target=\"_blank\">Verkkokauppa.com<\/a><\/li>\n\t<\/ul>\n<\/div><!-- Div End Category -->\n<div class=\"LinkLibraryCat LinkLibraryCat28 childlevel level1\"><!-- Div Category --><div id=\"musiikki-kauppapaikat\"><!-- Div Category Name --><div class=\"linklistcatname\"><!-- Div Cat Name --><span class=\"linklistcatclass\">Musiikki<\/span><\/div><!-- DivOrHeader --><\/div><!-- Div Category Name -->\n\t<ul>\n<li><a href=\"https:\/\/www.topsound.fi\/\" id=\"link-271\" class=\"track_this_link \" rel=\"noopener noreferrer\" target=\"_blank\">Top Sound<\/a><\/li>\n\t<\/ul>\n<\/div><!-- Div End Category -->\n<div class=\"LinkLibraryCat LinkLibraryCat25 childlevel level1\"><!-- Div Category --><div id=\"sekalaiset\"><!-- Div Category Name --><div class=\"linklistcatname\"><!-- Div Cat Name --><span class=\"linklistcatclass\">Sekalaiset<\/span><\/div><!-- DivOrHeader --><\/div><!-- Div Category Name -->\n\t<ul>\n<li><a href=\"https:\/\/huutokaupat.com\/\" id=\"link-275\" class=\"track_this_link \" rel=\"noopener noreferrer\" target=\"_blank\">Huutokaupat.com<\/a><\/li>\n<li><a href=\"https:\/\/www.karkkainen.com\/\" id=\"link-582\" class=\"track_this_link \" rel=\"noopener noreferrer\">K\u00e4rkk\u00e4inen<\/a><\/li>\n<li><a href=\"https:\/\/www.motonet.fi\/fi\/etusivu\" id=\"link-283\" class=\"track_this_link \" rel=\"noopener noreferrer\" target=\"_blank\">Motonet Oy<\/a><\/li>\n<li><a href=\"https:\/\/www.tori.fi\/\" id=\"link-265\" class=\"track_this_link \" rel=\"noopener noreferrer\" target=\"_blank\">Tori.fi<\/a><\/li>\n\t<\/ul>\n<\/div><!-- Div End Category -->\n<div class=\"LinkLibraryCat LinkLibraryCat27 childlevel level1\"><!-- Div Category --><div id=\"vapaa-aika\"><!-- Div Category Name --><div class=\"linklistcatname\"><!-- Div Cat Name --><span class=\"linklistcatclass\">Vapaa-aika<\/span><\/div><!-- DivOrHeader --><\/div><!-- Div Category Name -->\n\t<ul>\n<li><a href=\"https:\/\/www.karkkainen.com\/\" id=\"link-582\" class=\"track_this_link \" rel=\"noopener noreferrer\">K\u00e4rkk\u00e4inen<\/a><\/li>\n<li><a href=\"https:\/\/www.motonet.fi\/fi\/etusivu\" id=\"link-283\" class=\"track_this_link \" rel=\"noopener noreferrer\" target=\"_blank\">Motonet Oy<\/a><\/li>\n<li><a href=\"https:\/\/varuste.net\/\" id=\"link-270\" class=\"track_this_link \" rel=\"noopener noreferrer\" target=\"_blank\">Varuste.net<\/a><\/li>\n\t<\/ul>\n<\/div><!-- Div End Category -->\n<\/div><!-- Div End Category -->\n<div class=\"LinkLibraryCat LinkLibraryCat19 level0\"><!-- Div Category --><div id=\"suoratoistopalvelut\"><!-- Div Category Name --><div class=\"linklistcatname\"><!-- Div Cat Name --><span class=\"linklistcatclass\">SUORATOISTOPALVELUT<\/span><\/div><!-- DivOrHeader --><\/div><!-- Div Category Name --><div class=\"LinkLibraryCat LinkLibraryCat22 childlevel level1\"><!-- Div Category --><div id=\"musiikki\"><!-- Div Category Name --><div class=\"linklistcatname\"><!-- Div Cat Name --><span class=\"linklistcatclass\">Musiikki<\/span><\/div><!-- DivOrHeader --><\/div><!-- Div Category Name -->\n\t<ul>\n<li><a href=\"https:\/\/www.spotify.com\/fi\/\" id=\"link-257\" class=\"track_this_link \" rel=\"noopener noreferrer\" target=\"_blank\">Spotify<\/a><\/li>\n\t<\/ul>\n<\/div><!-- Div End Category -->\n<div class=\"LinkLibraryCat LinkLibraryCat21 childlevel level1\"><!-- Div Category --><div id=\"radio\"><!-- Div Category Name --><div class=\"linklistcatname\"><!-- Div Cat Name --><span class=\"linklistcatclass\">Radio<\/span><\/div><!-- DivOrHeader --><\/div><!-- Div Category Name -->\n\t<ul>\n<li><a href=\"https:\/\/livetaajuus.fi\/\" id=\"link-276\" class=\"track_this_link \" rel=\"noopener noreferrer\" target=\"_blank\">Nettiradio &#8211; Radiot liven\u00e4<\/a><\/li>\n<li><a href=\"https:\/\/areena.yle.fi\/radio\" id=\"link-254\" class=\"track_this_link \" rel=\"noopener noreferrer\" target=\"_blank\">Yle Areena &#8211; Radio<\/a><\/li>\n\t<\/ul>\n<\/div><!-- Div End Category -->\n<div class=\"LinkLibraryCat LinkLibraryCat20 childlevel level1\"><!-- Div Category --><div id=\"videot\"><!-- Div Category Name --><div class=\"linklistcatname\"><!-- Div Cat Name --><span class=\"linklistcatclass\">Videot<\/span><\/div><!-- DivOrHeader --><\/div><!-- Div Category Name -->\n\t<ul>\n<li><a href=\"https:\/\/www.discoveryplus.fi\/\" id=\"link-256\" class=\"track_this_link \" rel=\"noopener noreferrer\" target=\"_blank\">Discovery<\/a><\/li>\n<li><a href=\"https:\/\/www.mtv.fi\/\" id=\"link-253\" class=\"track_this_link \" rel=\"noopener noreferrer\" target=\"_blank\">MTV<\/a><\/li>\n<li><a href=\"https:\/\/www.ruutu.fi\/\" id=\"link-255\" class=\"track_this_link \" rel=\"noopener noreferrer\" target=\"_blank\">Ruutu<\/a><\/li>\n<li><a href=\"https:\/\/areena.yle.fi\/tv\" id=\"link-252\" class=\"track_this_link \" rel=\"noopener noreferrer\" target=\"_blank\">Yle Areena &#8211; TV<\/a><\/li>\n<li><a href=\"https:\/\/www.youtube.com\/?gl=FI\" id=\"link-245\" class=\"track_this_link \" rel=\"noopener noreferrer\" target=\"_blank\">YouTube<\/a><\/li>\n\t<\/ul>\n<\/div><!-- Div End Category -->\n<\/div><!-- Div End Category -->\n<div class=\"LinkLibraryCat LinkLibraryCat14 level0\"><!-- Div Category --><div id=\"tietotekniikka\"><!-- Div Category Name --><div class=\"linklistcatname\"><!-- Div Cat Name --><span class=\"linklistcatclass\">TIETOTEKNIIKKA<\/span><\/div><!-- DivOrHeader --><\/div><!-- Div Category Name --><div class=\"LinkLibraryCat LinkLibraryCat42 childlevel level1\"><!-- Div Category --><div id=\"hakukoneet\"><!-- Div Category Name --><div class=\"linklistcatname\"><!-- Div Cat Name --><span class=\"linklistcatclass\">Hakukoneet<\/span><\/div><!-- DivOrHeader --><\/div><!-- Div Category Name -->\n\t<ul>\n<li><a href=\"https:\/\/friikooli.sytes.net\/search\" id=\"link-806\" class=\"track_this_link \" rel=\"noopener noreferrer\" target=\"_blank\">SearXNG<\/a><\/li>\n\t<\/ul>\n<\/div><!-- Div End Category -->\n<div class=\"LinkLibraryCat LinkLibraryCat16 childlevel level1\"><!-- Div Category --><div id=\"linux\"><!-- Div Category Name --><div class=\"linklistcatname\"><!-- Div Cat Name --><span class=\"linklistcatclass\">Linux<\/span><\/div><!-- DivOrHeader --><\/div><!-- Div Category Name -->\n\t<ul>\n<li><a href=\"https:\/\/www.debian.org\/\" id=\"link-278\" class=\"track_this_link \" rel=\"noopener noreferrer\" target=\"_blank\">Debian<\/a><\/li>\n<li><a href=\"https:\/\/www.linux.fi\/\" id=\"link-238\" class=\"track_this_link \" rel=\"noopener noreferrer\" target=\"_blank\">Linux.fi &#8211; Suomenkielinen Linux Wikipedia<\/a><\/li>\n<li><a href=\"http:\/\/linuxmint.fi\/\" id=\"link-277\" class=\"track_this_link \" rel=\"noopener noreferrer\" target=\"_blank\">LinuxMint &#8211; Suomi<\/a><\/li>\n<li><a href=\"https:\/\/petrit.net\/Linux-kurssi\/johdanto\/\" id=\"link-235\" class=\"track_this_link \" rel=\"noopener noreferrer\" target=\"_blank\">Petrit.net &#8211; Linux-kurssi<\/a><\/li>\n\t<\/ul>\n<\/div><!-- Div End Category -->\n<div class=\"LinkLibraryCat LinkLibraryCat33 childlevel level1\"><!-- Div Category --><div id=\"pikaviestimet\"><!-- Div Category Name --><div class=\"linklistcatname\"><!-- Div Cat Name --><span class=\"linklistcatclass\">Pikaviestimet<\/span><\/div><!-- DivOrHeader --><\/div><!-- Div Category Name -->\n\t<ul>\n<li><a href=\"https:\/\/www.pikaviestin.fi\/\" id=\"link-571\" class=\"track_this_link \" rel=\"noopener noreferrer\" target=\"_blank\">Pikaviestin.fi<\/a><\/li>\n\t<\/ul>\n<\/div><!-- Div End Category -->\n<div class=\"LinkLibraryCat LinkLibraryCat17 childlevel level1\"><!-- Div Category --><div id=\"videoeditointi\"><!-- Div Category Name --><div class=\"linklistcatname\"><!-- Div Cat Name --><span class=\"linklistcatclass\">Videoeditointi<\/span><\/div><!-- DivOrHeader --><\/div><!-- Div Category Name -->\n\t<ul>\n<li><a href=\"https:\/\/petrit.net\/videoeditointi\/\" id=\"link-236\" class=\"track_this_link \" rel=\"noopener noreferrer\" target=\"_blank\">Petrit.net &#8211; Videoeditointi<\/a><\/li>\n\t<\/ul>\n<\/div><!-- Div End Category -->\n<div class=\"LinkLibraryCat LinkLibraryCat15 childlevel level1\"><!-- Div Category --><div id=\"www-ohjelmointi\"><!-- Div Category Name --><div class=\"linklistcatname\"><!-- Div Cat Name --><span class=\"linklistcatclass\">WWW-Ohjelmointi<\/span><\/div><!-- DivOrHeader --><\/div><!-- Div Category Name -->\n\t<ul>\n<li><a href=\"https:\/\/petrit.net\/www-ohjelmointi\/\" id=\"link-232\" class=\"track_this_link \" rel=\"noopener noreferrer\" target=\"_blank\">Petrit.net &#8211; WWW-Ohjelmointi<\/a><\/li>\n\t<\/ul>\n<\/div><!-- Div End Category -->\n<\/div><!-- Div End Category -->\n<div class=\"LinkLibraryCat LinkLibraryCat18 level0\"><!-- Div Category --><div id=\"uutispalvelut\"><!-- Div Category Name --><div class=\"linklistcatname\"><!-- Div Cat Name --><span class=\"linklistcatclass\">UUTISPALVELUT<\/span><\/div><!-- DivOrHeader --><\/div><!-- Div Category Name -->\n\t<ul>\n<li><a href=\"https:\/\/www.ampparit.com\/\" id=\"link-237\" class=\"track_this_link \" rel=\"noopener noreferrer\" target=\"_blank\">Ampparit.com &#8211; Uutiset, s\u00e4\u00e4 ja TV-Ohjelmatiedot<\/a><\/li>\n<li><a href=\"https:\/\/www.is.fi\/\" id=\"link-281\" class=\"track_this_link \" rel=\"noopener noreferrer\" target=\"_blank\">Ilta-Sanomat<\/a><\/li>\n<li><a href=\"https:\/\/www.iltalehti.fi\/\" id=\"link-280\" class=\"track_this_link \" rel=\"noopener noreferrer\" target=\"_blank\">Iltalehti<\/a><\/li>\n<li><a href=\"https:\/\/yle.fi\/uutiset\" id=\"link-279\" class=\"track_this_link \" rel=\"noopener noreferrer\" target=\"_blank\">YLE<\/a><\/li>\n\t<\/ul>\n<\/div><!-- Div End Category -->\n<script type='text\/javascript'>\njQuery(document).ready(function()\n{\njQuery('.arrow-up').hide();\njQuery('#linklist1 a.track_this_link').click(function() {\nlinkid = this.id;\nlinkid = linkid.substring(5);\npath = '';\njQuery.ajax( {    type: 'POST',    url: 'https:\/\/friikooli.sytes.net\/~friikooli\/wordpress\/wp-admin\/admin-ajax.php',     data: { action: 'link_library_tracker',             _ajax_nonce: 'c5e0c2263f',             id:linkid, xpath:path }     });\nreturn true;\n});\njQuery('#linklist1 .expandlinks').click(function() {\ntarget = '.' + jQuery(this).attr('id');\nsubcattarget = '.' + jQuery(this).attr('data-subcat');\nif ( jQuery( target ).is(':visible') ) {\njQuery(target).slideUp();\njQuery(subcattarget).slideToggle();\njQuery(this).children('img').attr('src', 'https:\/\/friikooli.sytes.net\/~friikooli\/wordpress\/wp-content\/plugins\/link-library\/icons\/expand-32.png');\n} else {\njQuery(target).slideDown();\njQuery(subcattarget).slideToggle();\njQuery(this).children('img').attr('src', 'https:\/\/friikooli.sytes.net\/~friikooli\/wordpress\/wp-content\/plugins\/link-library\/icons\/collapse-32.png');\n}\n});\njQuery('#linklist1 .linklistcatclass').click(function() {\njQuery(this).siblings('.expandlinks').click();\n});\njQuery('#linklist1 .linklistcatnamedesc').click(function() {\njQuery(this).siblings('.expandlinks').click();\n});\n});\n<\/script>\n<\/div><!-- Div Linklist -->\n<!-- End of Link Library Output -->\n\n\n\n\n<hr>","protected":false},"excerpt":{"rendered":"<p>Friikooli.sytes.net linkkisivulle ker\u00e4t\u00e4\u00e4n yleishy\u00f6dyllisi\u00e4 linkkej\u00e4 eri aihepiireitt\u00e4in. Kirjautumalla sis\u00e4\u00e4n voit ehdottaa uutta linkki\u00e4 lis\u00e4tt\u00e4v\u00e4ksi linkkisivullemme. Linkkilista<\/p>\n","protected":false},"author":1,"featured_media":0,"parent":0,"menu_order":0,"comment_status":"closed","ping_status":"closed","template":"","meta":{"footnotes":""},"class_list":["post-230","page","type-page","status-publish","hentry"],"_links":{"self":[{"href":"https:\/\/friikooli.sytes.net\/~friikooli\/wordpress\/index.php\/wp-json\/wp\/v2\/pages\/230","targetHints":{"allow":["GET"]}}],"collection":[{"href":"https:\/\/friikooli.sytes.net\/~friikooli\/wordpress\/index.php\/wp-json\/wp\/v2\/pages"}],"about":[{"href":"https:\/\/friikooli.sytes.net\/~friikooli\/wordpress\/index.php\/wp-json\/wp\/v2\/types\/page"}],"author":[{"embeddable":true,"href":"https:\/\/friikooli.sytes.net\/~friikooli\/wordpress\/index.php\/wp-json\/wp\/v2\/users\/1"}],"replies":[{"embeddable":true,"href":"https:\/\/friikooli.sytes.net\/~friikooli\/wordpress\/index.php\/wp-json\/wp\/v2\/comments?post=230"}],"version-history":[{"count":11,"href":"https:\/\/friikooli.sytes.net\/~friikooli\/wordpress\/index.php\/wp-json\/wp\/v2\/pages\/230\/revisions"}],"predecessor-version":[{"id":289,"href":"https:\/\/friikooli.sytes.net\/~friikooli\/wordpress\/index.php\/wp-json\/wp\/v2\/pages\/230\/revisions\/289"}],"wp:attachment":[{"href":"https:\/\/friikooli.sytes.net\/~friikooli\/wordpress\/index.php\/wp-json\/wp\/v2\/media?parent=230"}],"curies":[{"name":"wp","href":"https:\/\/api.w.org\/{rel}","templated":true}]}}