{"id":109,"date":"2019-12-12T08:32:53","date_gmt":"2019-12-12T06:32:53","guid":{"rendered":"http:\/\/friikooli.sytes.net\/~friikooli\/wordpress\/?page_id=109"},"modified":"2026-04-25T11:35:02","modified_gmt":"2026-04-25T08:35:02","slug":"lataukset","status":"publish","type":"page","link":"https:\/\/friikooli.sytes.net\/~friikooli\/wordpress\/index.php\/lataukset\/","title":{"rendered":"Lataa Linux"},"content":{"rendered":"<div class=\"wp-block-image\">\n<figure class=\"alignright size-large is-resized\"><img decoding=\"async\" src=\"https:\/\/upload.wikimedia.org\/wikipedia\/commons\/3\/35\/Tux.svg\" alt=\"\" style=\"aspect-ratio:1;width:137px;height:auto\"\/><\/figure>\n<\/div>\n\n\n<p class=\"has-drop-cap\">T\u00e4ll\u00e4 sivulla suorat torrent\/ftp-latauslinkit Linux-k\u00e4ytt\u00f6j\u00e4rjestelmien virallisiin l\u00e4hteisiin.<\/p>\n\n\n\n<h2 class=\"wp-block-heading\"><a href=\"https:\/\/linuxmint.com\/\" target=\"_blank\" rel=\"noreferrer noopener\">Mint<\/a><\/h2>\n\n\n\n<p><a href=\"https:\/\/www.linuxmint.com\/torrents\/lmde-7-cinnamon-64bit.iso.torrent\">Linux Mint 7 &#8221;Gigi&#8221; &#8211; Cinnamon (64-bit) <- TORRENT<\/a><\/p>\n<p><a href=\"ftp:\/\/friikooli.sytes.net\/Linux\/ISOS\/lmde-7-cinnamon-64bit.iso\">Linux Mint 7 &#8221;Gigi&#8221; &#8211; Cinnamon (64-bit) <- FTP<\/a><\/p>\n\n\n\n<h2 class=\"wp-block-heading\"><a href=\"https:\/\/www.debian.org\/\" target=\"_blank\" rel=\"noreferrer noopener\">Debian<\/a><\/h2>\n\n\n\n<p><a href=\"https:\/\/cdimage.debian.org\/debian-cd\/current\/amd64\/bt-cd\/debian-13.4.0-amd64-netinst.iso.torrent\">Debian 13.4.0 (64-bit) <- TORRENT<\/a><\/p>\n<p><a href=\"ftp:\/\/friikooli.sytes.net\/Linux\/ISOS\/debian-13.4.0-amd64-netinst.iso\">Debian 13.4.0 (64-bit) <- FTP<\/a><\/p>\n\n\n\n<p><\/p>\n\n\n\n<p><\/p>\n","protected":false},"excerpt":{"rendered":"<p>T\u00e4ll\u00e4 sivulla suorat torrent\/ftp-latauslinkit Linux-k\u00e4ytt\u00f6j\u00e4rjestelmien virallisiin l\u00e4hteisiin. Mint Linux Mint 7 &#8221;Gigi&#8221; &#8211; Cinnamon (64-bit)<\/p>\n","protected":false},"author":1,"featured_media":0,"parent":0,"menu_order":0,"comment_status":"closed","ping_status":"closed","template":"","meta":{"footnotes":""},"class_list":["post-109","page","type-page","status-publish","hentry"],"_links":{"self":[{"href":"https:\/\/friikooli.sytes.net\/~friikooli\/wordpress\/index.php\/wp-json\/wp\/v2\/pages\/109","targetHints":{"allow":["GET"]}}],"collection":[{"href":"https:\/\/friikooli.sytes.net\/~friikooli\/wordpress\/index.php\/wp-json\/wp\/v2\/pages"}],"about":[{"href":"https:\/\/friikooli.sytes.net\/~friikooli\/wordpress\/index.php\/wp-json\/wp\/v2\/types\/page"}],"author":[{"embeddable":true,"href":"https:\/\/friikooli.sytes.net\/~friikooli\/wordpress\/index.php\/wp-json\/wp\/v2\/users\/1"}],"replies":[{"embeddable":true,"href":"https:\/\/friikooli.sytes.net\/~friikooli\/wordpress\/index.php\/wp-json\/wp\/v2\/comments?post=109"}],"version-history":[{"count":55,"href":"https:\/\/friikooli.sytes.net\/~friikooli\/wordpress\/index.php\/wp-json\/wp\/v2\/pages\/109\/revisions"}],"predecessor-version":[{"id":894,"href":"https:\/\/friikooli.sytes.net\/~friikooli\/wordpress\/index.php\/wp-json\/wp\/v2\/pages\/109\/revisions\/894"}],"wp:attachment":[{"href":"https:\/\/friikooli.sytes.net\/~friikooli\/wordpress\/index.php\/wp-json\/wp\/v2\/media?parent=109"}],"curies":[{"name":"wp","href":"https:\/\/api.w.org\/{rel}","templated":true}]}}